{"id":301,"date":"2021-02-09T23:07:28","date_gmt":"2021-02-09T22:07:28","guid":{"rendered":"https:\/\/allesfuerdiekunst.com\/index.php\/impressum-2\/"},"modified":"2022-04-09T16:19:28","modified_gmt":"2022-04-09T14:19:28","slug":"impressum","status":"publish","type":"page","link":"https:\/\/allesfuerdiekunst.com\/en\/impressum\/","title":{"rendered":"Imprint"},"content":{"rendered":"<p><strong>Imprint<\/strong><\/p>\n\n\n\n<p><em>\u201e<\/em>Everything for art<em>\u201c<\/em> is a joint project of the artist Tizian Baldinger and the writer Timon R. B\u00f6se.<\/p>\n\n\n\n<p>Responsible for the website and its content is:<\/p>\n\n\n\n<p>Tizian Baldinger<br>Aarestrasse 38<br>5000 Aarau<br>Schweiz<br>info@allesfuerdiekunst.com<\/p>\n\n\n\n<p>Verantwortlich f\u00fcr den Verkauf der B\u00fccher ist:<\/p>\n\n\n\n<p>Timon-R.-B\u00f6se<br>Onlineverlag<br>Auf dem Grat 31<br>14195 Berlin<\/p>\n\n\n\n<p>Telefon: +49 (0)30 \u2013 862 099 22<br>E-Mail: tboese@boese-verlag.de<\/p>\n\n\n\n<p>Paypal: shop@allesfuerdiekunst.com<\/p>\n\n\n\n<p>Umsatzsteuer ID: DE307667820<\/p>\n\n\n\n<p>Kleinunternehmer gem\u00e4\u00df \u00a7 19 UStG<\/p>\n\n\n\n<p>Die Europ\u00e4ische Kommission stellt eine Plattform zur Online-Streitbeilegung (OS) bereit, die Sie hier finden <a href=\"https:\/\/ec.europa.eu\/consumers\/odr\/\" target=\"_blank\" rel=\"noopener\">https:\/\/ec.europa.eu\/consumers\/odr\/<\/a>. Wir sind bereit, an einem au\u00dfergerichtlichen Schlichtungsverfahren vor einer Verbraucherschlichtungsstelle teilzunehmen.  Zust\u00e4ndig ist die Universalschlichtungsstelle des Bundes am Zentrum f\u00fcr Schlichtung e.V., Stra\u00dfburger Stra\u00dfe 8, 77694 Kehl am Rhein, <a href=\"http:\/\/www.universalschlichtungsstelle.de\" rel=\"noopener noreferrer\" target=\"_blank\">www.universalschlichtungsstelle.de<\/a>. <br><\/p>\n\n\n\n<h4>Haftungsausschluss<\/h4>\n\n\n\n<p><strong>Haftung f\u00fcr Inhalte<\/strong><\/p>\n\n\n\n<p>Als Diensteanbieter sind wir gem\u00e4\u00df \u00a7 7 Abs.1 TMG f\u00fcr eigene Inhalte auf diesen Seiten nach den allgemeinen Gesetzen verantwortlich. Nach \u00a7\u00a7 8 bis 10 TMG sind wir als Diensteanbieter jedoch nicht verpflichtet, \u00fcbermittelte oder gespeicherte fremde Informationen zu \u00fcberwachen oder nach Umst\u00e4nden zu forschen, die auf eine rechtswidrige T\u00e4tigkeit hinweisen. Verpflichtungen zur Entfernung oder Sperrung der Nutzung von Informationen nach den allgemeinen Gesetzen bleiben hiervon unber\u00fchrt. Eine diesbez\u00fcgliche Haftung ist jedoch erst ab dem Zeitpunkt der Kenntnis einer konkreten Rechtsverletzung m\u00f6glich. Bei Bekanntwerden von entsprechenden Rechtsverletzungen werden wir diese Inhalte umgehend entfernen.<\/p>\n\n\n\n<p><strong>Haftung f\u00fcr Links<\/strong><\/p>\n\n\n\n<p>Unser Angebot enth\u00e4lt Links zu externen Webseiten Dritter, auf deren Inhalte wir keinen Einfluss haben. Deshalb k\u00f6nnen wir f\u00fcr diese fremden Inhalte auch keine Gew\u00e4hr \u00fcbernehmen. F\u00fcr die Inhalte der verlinkten Seiten ist stets der jeweilige Anbieter oder Betreiber der Seiten verantwortlich. Die verlinkten Seiten wurden zum Zeitpunkt der Verlinkung auf m\u00f6gliche Rechtsverst\u00f6\u00dfe \u00fcberpr\u00fcft. Rechtswidrige Inhalte waren zum Zeitpunkt der Verlinkung nicht erkennbar. Eine permanente inhaltliche Kontrolle der verlinkten Seiten ist jedoch ohne konkrete Anhaltspunkte einer Rechtsverletzung nicht zumutbar. Bei Bekanntwerden von Rechtsverletzungen werden wir derartige Links umgehend entfernen.<\/p>\n\n\n\n<p><strong>Urheberrecht<\/strong><\/p>\n\n\n\n<p>Die durch die Seitenbetreiber erstellten Inhalte und Werke auf diesen Seiten unterliegen dem deutschen Urheberrecht. Die Vervielf\u00e4ltigung, Bearbeitung, Verbreitung und jede Art der Verwertung au\u00dferhalb der Grenzen des Urheberrechtes bed\u00fcrfen der schriftlichen Zustimmung des jeweiligen Autors bzw. Erstellers. Downloads und Kopien dieser Seite sind nur f\u00fcr den privaten, nicht kommerziellen Gebrauch gestattet. Soweit die Inhalte auf dieser Seite nicht vom Betreiber erstellt wurden, werden die Urheberrechte Dritter beachtet. Insbesondere werden Inhalte Dritter als solche gekennzeichnet. Sollten Sie trotzdem auf eine Urheberrechtsverletzung aufmerksam werden, bitten wir um einen entsprechenden Hinweis. Bei Bekanntwerden von Rechtsverletzungen werden wir derartige Inhalte umgehend entfernen.<\/p>\n\n\n\n<p><strong>Social Media<\/strong><\/p>\n\n\n\n<p>Dieses Impressum gilt auch f\u00fcr unsere Facebook-Seite, Instagram-Account, Youtube-Kanal, Twitter-Profil, etc.<\/p>\n\n\n\n<p><i><a target=\"_blank\" title=\"Imprint\" href=\"https:\/\/shop.trustedshops.com\/de\/rechtstexte\/\" rel=\"noopener\">Imprint<\/a> erstellt mit dem <a target=\"_blank\" title=\"Trusted Shops\" href=\"https:\/\/shop.trustedshops.com\/de\/\" rel=\"noopener\">Trusted Shops<\/a> Rechtstexter in Kooperation mit <a target=\"_blank\" title=\"F\u00d6HLISCH Rechtsanw\u00e4lte\" href=\"https:\/\/foehlisch.com\" rel=\"nofollow noopener\">F\u00d6HLISCH Rechtsanw\u00e4lte<\/a>.<\/i><\/p>","protected":false},"excerpt":{"rendered":"<p>Impressum \u201eAlles f\u00fcr die Kunst\u201c ist ein gemeinsames Projekt des K\u00fcnstlers Tizian Baldinger und des Schriftstellers Timon R. B\u00f6se. Verantwortlich f\u00fcr die Webseite und deren Inhalt ist: Tizian BaldingerAarestrasse 385000 AarauSchweizinfo@allesfuerdiekunst.com Verantwortlich f\u00fcr den Verkauf der B\u00fccher ist: Timon-R.-B\u00f6seOnlineverlagAuf dem Grat 3114195 Berlin Telefon: +49 (0)30 \u2013 862 099 22E-Mail: tboese@boese-verlag.de Paypal: shop@allesfuerdiekunst.com Umsatzsteuer ID:&hellip; <a class=\"more-link\" href=\"https:\/\/allesfuerdiekunst.com\/en\/impressum\/\">Continue reading <span class=\"screen-reader-text\">Imprint<\/span><\/a><\/p>","protected":false},"author":1,"featured_media":0,"parent":0,"menu_order":0,"comment_status":"closed","ping_status":"closed","template":"","meta":[],"yoast_head":"<!-- This site is optimized with the Yoast SEO plugin v19.5.1 - https:\/\/yoast.com\/wordpress\/plugins\/seo\/ -->\n<title>Impressum - Alles f\u00fcr die Kunst<\/title>\n<meta name=\"robots\" content=\"noindex, nofollow\" \/>\n<meta property=\"og:locale\" content=\"en_US\" \/>\n<meta property=\"og:type\" content=\"article\" \/>\n<meta property=\"og:title\" content=\"Impressum - Alles f\u00fcr die Kunst\" \/>\n<meta property=\"og:description\" content=\"Impressum \u201eAlles f\u00fcr die Kunst\u201c ist ein gemeinsames Projekt des K\u00fcnstlers Tizian Baldinger und des Schriftstellers Timon R. B\u00f6se. Verantwortlich f\u00fcr die Webseite und deren Inhalt ist: Tizian BaldingerAarestrasse 385000 AarauSchweizinfo@allesfuerdiekunst.com Verantwortlich f\u00fcr den Verkauf der B\u00fccher ist: Timon-R.-B\u00f6seOnlineverlagAuf dem Grat 3114195 Berlin Telefon: +49 (0)30 \u2013 862 099 22E-Mail: tboese@boese-verlag.de Paypal: shop@allesfuerdiekunst.com Umsatzsteuer ID:&hellip; Continue reading Impressum\" \/>\n<meta property=\"og:url\" content=\"https:\/\/allesfuerdiekunst.com\/en\/impressum\/\" \/>\n<meta property=\"og:site_name\" content=\"Alles f\u00fcr die Kunst\" \/>\n<meta property=\"article:modified_time\" content=\"2022-04-09T14:19:28+00:00\" \/>\n<meta name=\"twitter:card\" content=\"summary_large_image\" \/>\n<meta name=\"twitter:label1\" content=\"Est. reading time\" \/>\n\t<meta name=\"twitter:data1\" content=\"2 minutes\" \/>\n<script type=\"application\/ld+json\" class=\"yoast-schema-graph\">{\"@context\":\"https:\/\/schema.org\",\"@graph\":[{\"@type\":\"WebPage\",\"@id\":\"https:\/\/allesfuerdiekunst.com\/impressum\/\",\"url\":\"https:\/\/allesfuerdiekunst.com\/impressum\/\",\"name\":\"Impressum - Alles f\u00fcr die Kunst\",\"isPartOf\":{\"@id\":\"https:\/\/allesfuerdiekunst.com\/#website\"},\"datePublished\":\"2021-02-09T22:07:28+00:00\",\"dateModified\":\"2022-04-09T14:19:28+00:00\",\"breadcrumb\":{\"@id\":\"https:\/\/allesfuerdiekunst.com\/impressum\/#breadcrumb\"},\"inLanguage\":\"en-US\",\"potentialAction\":[{\"@type\":\"ReadAction\",\"target\":[\"https:\/\/allesfuerdiekunst.com\/impressum\/\"]}]},{\"@type\":\"BreadcrumbList\",\"@id\":\"https:\/\/allesfuerdiekunst.com\/impressum\/#breadcrumb\",\"itemListElement\":[{\"@type\":\"ListItem\",\"position\":1,\"name\":\"Home\",\"item\":\"https:\/\/allesfuerdiekunst.com\/\"},{\"@type\":\"ListItem\",\"position\":2,\"name\":\"Impressum\"}]},{\"@type\":\"WebSite\",\"@id\":\"https:\/\/allesfuerdiekunst.com\/#website\",\"url\":\"https:\/\/allesfuerdiekunst.com\/\",\"name\":\"Alles f\u00fcr die Kunst\",\"description\":\"\",\"potentialAction\":[{\"@type\":\"SearchAction\",\"target\":{\"@type\":\"EntryPoint\",\"urlTemplate\":\"https:\/\/allesfuerdiekunst.com\/?s={search_term_string}\"},\"query-input\":\"required name=search_term_string\"}],\"inLanguage\":\"en-US\"}]}<\/script>\n<!-- \/ Yoast SEO plugin. -->","yoast_head_json":{"title":"Impressum - Alles f\u00fcr die Kunst","robots":{"index":"noindex","follow":"nofollow"},"og_locale":"en_US","og_type":"article","og_title":"Impressum - Alles f\u00fcr die Kunst","og_description":"Impressum \u201eAlles f\u00fcr die Kunst\u201c ist ein gemeinsames Projekt des K\u00fcnstlers Tizian Baldinger und des Schriftstellers Timon R. B\u00f6se. Verantwortlich f\u00fcr die Webseite und deren Inhalt ist: Tizian BaldingerAarestrasse 385000 AarauSchweizinfo@allesfuerdiekunst.com Verantwortlich f\u00fcr den Verkauf der B\u00fccher ist: Timon-R.-B\u00f6seOnlineverlagAuf dem Grat 3114195 Berlin Telefon: +49 (0)30 \u2013 862 099 22E-Mail: tboese@boese-verlag.de Paypal: shop@allesfuerdiekunst.com Umsatzsteuer ID:&hellip; Continue reading Impressum","og_url":"https:\/\/allesfuerdiekunst.com\/en\/impressum\/","og_site_name":"Alles f\u00fcr die Kunst","article_modified_time":"2022-04-09T14:19:28+00:00","twitter_card":"summary_large_image","twitter_misc":{"Est. reading time":"2 minutes"},"schema":{"@context":"https:\/\/schema.org","@graph":[{"@type":"WebPage","@id":"https:\/\/allesfuerdiekunst.com\/impressum\/","url":"https:\/\/allesfuerdiekunst.com\/impressum\/","name":"Impressum - Alles f\u00fcr die Kunst","isPartOf":{"@id":"https:\/\/allesfuerdiekunst.com\/#website"},"datePublished":"2021-02-09T22:07:28+00:00","dateModified":"2022-04-09T14:19:28+00:00","breadcrumb":{"@id":"https:\/\/allesfuerdiekunst.com\/impressum\/#breadcrumb"},"inLanguage":"en-US","potentialAction":[{"@type":"ReadAction","target":["https:\/\/allesfuerdiekunst.com\/impressum\/"]}]},{"@type":"BreadcrumbList","@id":"https:\/\/allesfuerdiekunst.com\/impressum\/#breadcrumb","itemListElement":[{"@type":"ListItem","position":1,"name":"Home","item":"https:\/\/allesfuerdiekunst.com\/"},{"@type":"ListItem","position":2,"name":"Impressum"}]},{"@type":"WebSite","@id":"https:\/\/allesfuerdiekunst.com\/#website","url":"https:\/\/allesfuerdiekunst.com\/","name":"Alles f\u00fcr die Kunst","description":"","potentialAction":[{"@type":"SearchAction","target":{"@type":"EntryPoint","urlTemplate":"https:\/\/allesfuerdiekunst.com\/?s={search_term_string}"},"query-input":"required name=search_term_string"}],"inLanguage":"en-US"}]}},"_links":{"self":[{"href":"https:\/\/allesfuerdiekunst.com\/en\/wp-json\/wp\/v2\/pages\/301"}],"collection":[{"href":"https:\/\/allesfuerdiekunst.com\/en\/wp-json\/wp\/v2\/pages"}],"about":[{"href":"https:\/\/allesfuerdiekunst.com\/en\/wp-json\/wp\/v2\/types\/page"}],"author":[{"embeddable":true,"href":"https:\/\/allesfuerdiekunst.com\/en\/wp-json\/wp\/v2\/users\/1"}],"replies":[{"embeddable":true,"href":"https:\/\/allesfuerdiekunst.com\/en\/wp-json\/wp\/v2\/comments?post=301"}],"version-history":[{"count":17,"href":"https:\/\/allesfuerdiekunst.com\/en\/wp-json\/wp\/v2\/pages\/301\/revisions"}],"predecessor-version":[{"id":1191,"href":"https:\/\/allesfuerdiekunst.com\/en\/wp-json\/wp\/v2\/pages\/301\/revisions\/1191"}],"wp:attachment":[{"href":"https:\/\/allesfuerdiekunst.com\/en\/wp-json\/wp\/v2\/media?parent=301"}],"curies":[{"name":"wp","href":"https:\/\/api.w.org\/{rel}","templated":true}]}}