{"id":593,"date":"2021-05-14T17:31:45","date_gmt":"2021-05-14T15:31:45","guid":{"rendered":"https:\/\/allesfuerdiekunst.com\/?page_id=593"},"modified":"2024-10-01T20:31:57","modified_gmt":"2024-10-01T18:31:57","slug":"erfolg","status":"publish","type":"page","link":"https:\/\/allesfuerdiekunst.com\/en\/","title":{"rendered":"Wie werde ich als K\u00fcnstler*in erfolgreich"},"content":{"rendered":"<hr class=\"wp-block-separator has-css-opacity is-style-default\"\/>\n\n\n\n<h3 class=\"has-text-align-center translation-block\">The first and only comprehensive book that informs and guides emerging artists<\/h3>\n\n\n\n<hr class=\"wp-block-separator has-css-opacity is-style-default\"\/>\n\n\n\n<figure class=\"wp-block-image size-large\"><img loading=\"lazy\" width=\"966\" height=\"1024\" src=\"https:\/\/allesfuerdiekunst.com\/wp-content\/uploads\/2022\/01\/Alles_fuer_die_Kunst-DoppelPackshot_plus_Englisch_plus_eBooks.gif\" alt=\"\" class=\"wp-image-1113\"\/><\/figure>\n\n\n\n<hr class=\"wp-block-separator has-css-opacity is-style-default\"\/>\n\n\n\n<div class=\"wp-container-1 is-horizontal is-content-justification-center wp-block-buttons\">\n<div class=\"wp-block-button\"><a class=\"wp-block-button__link\" href=\"https:\/\/www.amazon.com\/-\/de\/Tizian-Baldinger\/e\/B08PC782SV\">Buy eBooks at Amazon<\/a><\/div>\n\n\n\n<div class=\"wp-block-button\"><a class=\"wp-block-button__link\" href=\"https:\/\/zweigstelle.berlin\/en\/c\/art-guides\">Order books online at Zweigstelle Berlin<\/a><\/div>\n<\/div>\n\n\n\n<hr class=\"wp-block-separator has-css-opacity is-style-default\"\/>\n\n\n\n<h3 class=\"has-text-align-center translation-block\">All the knowledge for <br>a successful career <br>as an artist<br><br>From study to the artist's death<br><br>Clearly structured and<br>easy to understand<br><br>168 pages<br>from professionals for professionals<\/h3>\n\n\n\n<hr class=\"wp-block-separator has-css-opacity is-style-default\"\/>\n\n\n\n<figure class=\"wp-block-image size-large\"><img loading=\"lazy\" width=\"1024\" height=\"1024\" src=\"https:\/\/allesfuerdiekunst.com\/wp-content\/uploads\/2021\/09\/IMG_3392_quadrat-1024x1024.jpg\" alt=\"\" class=\"wp-image-1013\" srcset=\"https:\/\/allesfuerdiekunst.com\/wp-content\/uploads\/2021\/09\/IMG_3392_quadrat-1024x1024.jpg 1024w, https:\/\/allesfuerdiekunst.com\/wp-content\/uploads\/2021\/09\/IMG_3392_quadrat-300x300.jpg 300w, https:\/\/allesfuerdiekunst.com\/wp-content\/uploads\/2021\/09\/IMG_3392_quadrat-150x150.jpg 150w, https:\/\/allesfuerdiekunst.com\/wp-content\/uploads\/2021\/09\/IMG_3392_quadrat-768x768.jpg 768w, https:\/\/allesfuerdiekunst.com\/wp-content\/uploads\/2021\/09\/IMG_3392_quadrat-1536x1536.jpg 1536w, https:\/\/allesfuerdiekunst.com\/wp-content\/uploads\/2021\/09\/IMG_3392_quadrat-2048x2048.jpg 2048w, https:\/\/allesfuerdiekunst.com\/wp-content\/uploads\/2021\/09\/IMG_3392_quadrat-1568x1568.jpg 1568w, https:\/\/allesfuerdiekunst.com\/wp-content\/uploads\/2021\/09\/IMG_3392_quadrat-450x450.jpg 450w, https:\/\/allesfuerdiekunst.com\/wp-content\/uploads\/2021\/09\/IMG_3392_quadrat-600x600.jpg 600w, https:\/\/allesfuerdiekunst.com\/wp-content\/uploads\/2021\/09\/IMG_3392_quadrat-100x100.jpg 100w\" sizes=\"(max-width: 1024px) 100vw, 1024px\" \/><\/figure>\n\n\n\n<p style=\"line-height:1.5\" class=\" translation-block\"><em>The success story of Xiy<span class=\"noSIndex\">yyyy<\/span>ao Wan<span class=\"noSIndex\">nnnn<\/span>g<\/em><br><em>\"I have known one of the authors for a very long time. Therefore, I have been fortunate enough to benefit from this knowledge for several years. I can confirm that everything in this book works <em>100%<\/em>!\"<\/em><\/p>\n\n\n\n<hr class=\"wp-block-separator has-css-opacity is-style-default\"\/>\n\n\n\n<h3 class=\"has-text-align-center translation-block\">We talk plain:<br><br>What does<br>success mean to you?<br><br>What is<br>the personal price?<br><br>What are<br>your chances?<\/h3>\n\n\n\n<hr class=\"wp-block-separator has-css-opacity\"\/>\n\n\n\n<figure class=\"wp-block-image size-large\"><img loading=\"lazy\" width=\"1024\" height=\"1024\" src=\"https:\/\/allesfuerdiekunst.com\/wp-content\/uploads\/2021\/09\/IMG_3034_quadrat2-1024x1024.jpg\" alt=\"\" class=\"wp-image-1015\" srcset=\"https:\/\/allesfuerdiekunst.com\/wp-content\/uploads\/2021\/09\/IMG_3034_quadrat2-1024x1024.jpg 1024w, https:\/\/allesfuerdiekunst.com\/wp-content\/uploads\/2021\/09\/IMG_3034_quadrat2-300x300.jpg 300w, https:\/\/allesfuerdiekunst.com\/wp-content\/uploads\/2021\/09\/IMG_3034_quadrat2-150x150.jpg 150w, https:\/\/allesfuerdiekunst.com\/wp-content\/uploads\/2021\/09\/IMG_3034_quadrat2-768x768.jpg 768w, https:\/\/allesfuerdiekunst.com\/wp-content\/uploads\/2021\/09\/IMG_3034_quadrat2-1536x1536.jpg 1536w, https:\/\/allesfuerdiekunst.com\/wp-content\/uploads\/2021\/09\/IMG_3034_quadrat2-2048x2048.jpg 2048w, https:\/\/allesfuerdiekunst.com\/wp-content\/uploads\/2021\/09\/IMG_3034_quadrat2-1568x1568.jpg 1568w, https:\/\/allesfuerdiekunst.com\/wp-content\/uploads\/2021\/09\/IMG_3034_quadrat2-450x450.jpg 450w, https:\/\/allesfuerdiekunst.com\/wp-content\/uploads\/2021\/09\/IMG_3034_quadrat2-600x600.jpg 600w, https:\/\/allesfuerdiekunst.com\/wp-content\/uploads\/2021\/09\/IMG_3034_quadrat2-100x100.jpg 100w\" sizes=\"(max-width: 1024px) 100vw, 1024px\" \/><\/figure>\n\n\n\n<p style=\"line-height:1.5\"><em><em>The success story of<\/em>\u00a0Xiy<span class=\"noSIndex\">yyyy<\/span>ao Wan<span class=\"noSIndex\">nnnn<\/span>g<\/em><br><em>\"I started with nothing and today I am a successful and independent artist who can make a living from her art.\"<\/em><br><em class=\"has-extra-small-font-size\">(Xiy<span class=\"noSIndex\">yyyy<\/span>ao Wan<span class=\"noSIndex\">nnnn<\/span>g is now represented by mega-galleries worldwide)<\/em><\/p>\n\n\n\n<hr class=\"wp-block-separator has-css-opacity\"\/>\n\n\n\n<h3 class=\"has-text-align-center\">We talk about:<\/h3>\n\n\n\n<p class=\"has-text-align-center translation-block\">Studies<br>Artistic development<br>Studio<br>Exhibiting<br>Selling<br>Self-promotion<br>Finding a gallery<br>Taxes<br>Crises<br>Children<br>Choosing the right location<br>Hobby or profession<br>&amp; much more<\/p>\n\n\n\n<hr class=\"wp-block-separator has-css-opacity\"\/>\n\n\n\n<figure class=\"wp-block-image size-large\"><img loading=\"lazy\" width=\"1024\" height=\"1024\" src=\"https:\/\/allesfuerdiekunst.com\/wp-content\/uploads\/2021\/09\/IMG_3248_quadrat-1024x1024.jpg\" alt=\"\" class=\"wp-image-1016\" srcset=\"https:\/\/allesfuerdiekunst.com\/wp-content\/uploads\/2021\/09\/IMG_3248_quadrat-1024x1024.jpg 1024w, https:\/\/allesfuerdiekunst.com\/wp-content\/uploads\/2021\/09\/IMG_3248_quadrat-300x300.jpg 300w, https:\/\/allesfuerdiekunst.com\/wp-content\/uploads\/2021\/09\/IMG_3248_quadrat-150x150.jpg 150w, https:\/\/allesfuerdiekunst.com\/wp-content\/uploads\/2021\/09\/IMG_3248_quadrat-768x768.jpg 768w, https:\/\/allesfuerdiekunst.com\/wp-content\/uploads\/2021\/09\/IMG_3248_quadrat-1536x1536.jpg 1536w, https:\/\/allesfuerdiekunst.com\/wp-content\/uploads\/2021\/09\/IMG_3248_quadrat-2048x2048.jpg 2048w, https:\/\/allesfuerdiekunst.com\/wp-content\/uploads\/2021\/09\/IMG_3248_quadrat-1568x1568.jpg 1568w, https:\/\/allesfuerdiekunst.com\/wp-content\/uploads\/2021\/09\/IMG_3248_quadrat-450x450.jpg 450w, https:\/\/allesfuerdiekunst.com\/wp-content\/uploads\/2021\/09\/IMG_3248_quadrat-600x600.jpg 600w, https:\/\/allesfuerdiekunst.com\/wp-content\/uploads\/2021\/09\/IMG_3248_quadrat-100x100.jpg 100w\" sizes=\"(max-width: 1024px) 100vw, 1024px\" \/><\/figure>\n\n\n\n<p style=\"line-height:1.5\" class=\" translation-block\"><em>The success story of Xiy<span class=\"noSIndex\">yyyy<\/span>ao Wan<span class=\"noSIndex\">nnnn<\/span>g<\/em><br><em>\"Of course, success is not magic, it is the result of hard work. But it pays to acquire knowledge from others, make a clear plan, and then move forward slowly but steadily with an iron will!\"<\/em><\/p>\n\n\n\n<hr class=\"wp-block-separator has-css-opacity\"\/>\n\n\n\n<h3>Contents of the book:<\/h3>\n\n\n\n\n\n<\/p>\n\n\n\n<ol class=\"inhaltvz has-extra-small-font-size\">\n<li><strong>Chapter<\/strong> <span class=\"inhaltvzz\"><strong>Page<\/strong><\/span><\/li>\n<li>Preface <span class=\"inhaltvzz\">13<\/span><\/li>\n<li>1. The basis <span class=\"inhaltvzz\">17<\/span><ol>\n\t<li>1.1. Art <span class=\"inhaltvzz\">17<\/span><\/li>\n\t<li>1.2. The artist <span class=\"inhaltvzz\">18<\/span><\/li>\n\t<li>1.3. Success <span class=\"inhaltvzz\">19<\/span><\/li>\n  <\/ol>\n<\/li>\n<li>2. The system <span class=\"inhaltvzz\">21<\/span><ol>\n\t<li>2.1. Players and terms <span class=\"inhaltvzz\">21<\/span><\/li>\n\t<li>2.2. The different leagues of the art world <span class=\"inhaltvzz\">28<\/span><\/li>\n\t<li>2.3. Mechanisms in the art system <span class=\"inhaltvzz\">27<\/span><\/li>\n\t<li>2.4. Other influences <span class=\"inhaltvzz\">32<\/span><\/li>\n  <\/ol>\n<\/li>\n<li>3. Art \u2013 the reality check <span class=\"inhaltvzz\">37<\/span><ol>\n\t<li>Art is a luxury <span class=\"inhaltvzz\">37<\/span><\/li>\n\t<li>&#8230;.<\/li>\n\t<li>Art attracts speculators <span class=\"inhaltvzz\">40<\/span><\/li>\n  <\/ol>\n<\/li>\n<li>4. The life of an artist <span class=\"inhaltvzz\">43<\/span><ol>\n\t<li>4.1. Basic requirements <span class=\"inhaltvzz\">44<\/span><\/li>\n\t<li>4.2. Your microcosm <span class=\"inhaltvzz\">46<\/span><\/li>\n\t<li>4.3. Career planning <span class=\"inhaltvzz\">47<\/span><\/li>\n\t<li>4.4. Choosing the right location <span class=\"inhaltvzz\">48<\/span><\/li>\n\t<li>4.5. Studies <span class=\"inhaltvzz\">50<\/span><\/li>\n\t<li>4.6. Partners and children <span class=\"inhaltvzz\">53<\/span><\/li>\n\t<li>4.7. Responsibility <span class=\"inhaltvzz\">56<\/span><\/li>\n\t<li>4.8. The free artist? <span class=\"inhaltvzz\">59<\/span><\/li>\n\t<li>4.9. The positive power of art <span class=\"inhaltvzz\">60<\/span><\/li>\n  <\/ol>\n<\/li>\n<li>5. Your demeanor as an artist <span class=\"inhaltvzz\">63<\/span><ol>\n\t<li>5.1. Your artist persona <span class=\"inhaltvzz\">63<\/span><\/li>\n\t<li>5.2. Cultivate your brand <span class=\"inhaltvzz\">66<\/span><\/li>\n\t<li>5.3. General social acceptability <span class=\"inhaltvzz\">66<\/span><\/li>\n\t<li>5.4. Interaction with other artists <span class=\"inhaltvzz\">67<\/span><\/li>\n  <\/ol>\n<\/li>\n<li>6. Your art <span class=\"inhaltvzz\">73<\/span><ol>\n\t<li>6.1. Develop an understanding of art <span class=\"inhaltvzz\">73<\/span><\/li>\n\t<li>6.2. Your studio <span class=\"inhaltvzz\">76<\/span><\/li>\n\t<li>6.3. Your work process <span class=\"inhaltvzz\">77<\/span><\/li>\n\t<li>6.4. Aspects of your art <span class=\"inhaltvzz\">79<\/span><\/li>\n\t<li>6.5. Dealing with criticism and its influence <span class=\"inhaltvzz\">86<\/span><\/li>\n\t<li>6.6. Development <span class=\"inhaltvzz\">87<\/span><\/li>\n\t<li>6.7. Document and keep an inventory <span class=\"inhaltvzz\">91<\/span><\/li>\n\t<li>6.8. Artist collectives, artist groups, and collaborations <span class=\"inhaltvzz\">93<\/span><\/li>\n  <\/ol>\n<\/li>\n<li>7. The ten commandments <span class=\"inhaltvzz\">97<\/span><\/li>\n<li>8. Factors and strategies for success <span class=\"inhaltvzz\">107<\/span><ol>\n\t<li>8.1. Factors <span class=\"inhaltvzz\">107<\/span><\/li>\n\t<li>8.2. Strategies <span class=\"inhaltvzz\">111<\/span><\/li>\n  <\/ol>\n<\/li>\n<li>9. Practical knowledge <span class=\"inhaltvzz\">119<\/span><ol>\n\t<li>9.1. Exhibiting <span class=\"inhaltvzz\">119<\/span><\/li>\n\t<li>9.2. Selling <span class=\"inhaltvzz\">123<\/span><\/li>\n\t<li>9.3. Working with a gallery <span class=\"inhaltvzz\">132<\/span><\/li>\n\t<li>9.4. Make your art collectible <span class=\"inhaltvzz\">140<\/span><\/li>\n\t<li>9.5. Other ways to earn money as an artist <span class=\"inhaltvzz\">142<\/span><\/li>\n\t<li>9.6. Perfecting your re\u0301sume\u0301 and your bibliography <span class=\"inhaltvzz\">144<\/span><\/li>\n\t<li>9.7. Self-promotion <span class=\"inhaltvzz\">149<\/span><\/li>\n\t<li>9.8. Bureaucracy <span class=\"inhaltvzz\">153<\/span><\/li>\n  <\/ol>\n<\/li>\n<li>10. Dealing with success and failure <span class=\"inhaltvzz\">157<\/span><\/li>\n<li>11. Plan B or exit? <span class=\"inhaltvzz\">161<\/span><\/li>\n<li>12. The death of the artist <span class=\"inhaltvzz\">165<\/span><\/li>\n<li>Closing words <span class=\"inhaltvzz\">167<\/span><\/li>\n<\/ol>\n\n\n<p>\n\n\n\n<figure class=\"wp-block-image size-large\"><a href=\"https:\/\/www.youtube.com\/watch?v=zjmAGFRQW8I&amp;list=PLoll5ai6sEQuzEk5TmP4aVwBNckmfDpHY&amp;index=1\" target=\"_blank\" rel=\"noopener\"><img loading=\"lazy\" width=\"768\" height=\"1024\" src=\"https:\/\/allesfuerdiekunst.com\/wp-content\/uploads\/2021\/05\/TeaserBildYouTubeVideos-768x1024.jpg\" alt=\"\" class=\"wp-image-676\" srcset=\"https:\/\/allesfuerdiekunst.com\/wp-content\/uploads\/2021\/05\/TeaserBildYouTubeVideos-768x1024.jpg 768w, https:\/\/allesfuerdiekunst.com\/wp-content\/uploads\/2021\/05\/TeaserBildYouTubeVideos-225x300.jpg 225w, https:\/\/allesfuerdiekunst.com\/wp-content\/uploads\/2021\/05\/TeaserBildYouTubeVideos-450x600.jpg 450w, https:\/\/allesfuerdiekunst.com\/wp-content\/uploads\/2021\/05\/TeaserBildYouTubeVideos-600x800.jpg 600w, https:\/\/allesfuerdiekunst.com\/wp-content\/uploads\/2021\/05\/TeaserBildYouTubeVideos.jpg 1080w\" sizes=\"(max-width: 768px) 100vw, 768px\" \/><\/a><figcaption><a href=\"https:\/\/www.youtube.com\/watch?v=zjmAGFRQW8I&amp;list=PLoll5ai6sEQuzEk5TmP4aVwBNckmfDpHY&amp;index=1\" target=\"_blank\" rel=\"noreferrer noopener\">-&gt; Check out our cool spots on YouTube (German)<\/a><\/figcaption><\/figure>","protected":false},"excerpt":{"rendered":"<p>Das erste und weltweit einzige Buch,das K\u00fcnstler*innen umfassend informiert und begleitet Alles Wissen f\u00fcr eine erfolgreiche Karriere als K\u00fcnstler*in Vom Studium bis zum K\u00fcnstlertod Klar strukturiert undeinfach verst\u00e4ndlich 176 Seitenvon Profis f\u00fcr Profis Erfolgsstory: Xiyyyyyao Wannnnng&#8222;Ich kenne einen der Autoren schon sehr lange. Daher hatte ich das Gl\u00fcck, schon seit einigen Jahren von diesem Wissen&hellip; <a class=\"more-link\" href=\"https:\/\/allesfuerdiekunst.com\/en\/\">Continue reading <span class=\"screen-reader-text\">Wie werde ich als K\u00fcnstler*in erfolgreich<\/span><\/a><\/p>","protected":false},"author":1,"featured_media":0,"parent":0,"menu_order":0,"comment_status":"closed","ping_status":"closed","template":"","meta":[],"yoast_head":"<!-- This site is optimized with the Yoast SEO plugin v19.5.1 - https:\/\/yoast.com\/wordpress\/plugins\/seo\/ -->\n<title>Wie werde ich als K\u00fcnstler*in erfolgreich - Alles f\u00fcr die Kunst<\/title>\n<meta name=\"description\" content=\"Das erste und weltweit einzige Buch, das K\u00fcnstler*innen umfassend informiert und begleitet - Bestelle das Buch hier online!\" \/>\n<meta name=\"robots\" content=\"index, follow, max-snippet:-1, max-image-preview:large, max-video-preview:-1\" \/>\n<link rel=\"canonical\" href=\"https:\/\/allesfuerdiekunst.com\/en\/\" \/>\n<meta property=\"og:locale\" content=\"en_US\" \/>\n<meta property=\"og:type\" content=\"article\" \/>\n<meta property=\"og:title\" content=\"Wie werde ich als K\u00fcnstler*in erfolgreich - Alles f\u00fcr die Kunst\" \/>\n<meta property=\"og:description\" content=\"Das erste und weltweit einzige Buch, das K\u00fcnstler*innen umfassend informiert und begleitet - Bestelle das Buch hier online!\" \/>\n<meta property=\"og:url\" content=\"https:\/\/allesfuerdiekunst.com\/en\/\" \/>\n<meta property=\"og:site_name\" content=\"Alles f\u00fcr die Kunst\" \/>\n<meta property=\"article:modified_time\" content=\"2024-10-01T18:31:57+00:00\" \/>\n<meta property=\"og:image\" content=\"https:\/\/allesfuerdiekunst.com\/wp-content\/uploads\/2022\/01\/Alles_fuer_die_Kunst-DoppelPackshot_plus_Englisch_plus_eBooks.gif\" \/>\n<meta name=\"twitter:card\" content=\"summary_large_image\" \/>\n<meta name=\"twitter:label1\" content=\"Est. reading time\" \/>\n\t<meta name=\"twitter:data1\" content=\"6 minutes\" \/>\n<script type=\"application\/ld+json\" class=\"yoast-schema-graph\">{\"@context\":\"https:\/\/schema.org\",\"@graph\":[{\"@type\":\"WebPage\",\"@id\":\"https:\/\/allesfuerdiekunst.com\/\",\"url\":\"https:\/\/allesfuerdiekunst.com\/\",\"name\":\"Wie werde ich als K\u00fcnstler*in erfolgreich - Alles f\u00fcr die Kunst\",\"isPartOf\":{\"@id\":\"https:\/\/allesfuerdiekunst.com\/#website\"},\"datePublished\":\"2021-05-14T15:31:45+00:00\",\"dateModified\":\"2024-10-01T18:31:57+00:00\",\"description\":\"Das erste und weltweit einzige Buch, das K\u00fcnstler*innen umfassend informiert und begleitet - Bestelle das Buch hier online!\",\"breadcrumb\":{\"@id\":\"https:\/\/allesfuerdiekunst.com\/#breadcrumb\"},\"inLanguage\":\"en-US\",\"potentialAction\":[{\"@type\":\"ReadAction\",\"target\":[\"https:\/\/allesfuerdiekunst.com\/\"]}]},{\"@type\":\"BreadcrumbList\",\"@id\":\"https:\/\/allesfuerdiekunst.com\/#breadcrumb\",\"itemListElement\":[{\"@type\":\"ListItem\",\"position\":1,\"name\":\"Home\",\"item\":\"https:\/\/allesfuerdiekunst.com\/\"},{\"@type\":\"ListItem\",\"position\":2,\"name\":\"Wie werde ich als K\u00fcnstler*in erfolgreich\"}]},{\"@type\":\"WebSite\",\"@id\":\"https:\/\/allesfuerdiekunst.com\/#website\",\"url\":\"https:\/\/allesfuerdiekunst.com\/\",\"name\":\"Alles f\u00fcr die Kunst\",\"description\":\"\",\"potentialAction\":[{\"@type\":\"SearchAction\",\"target\":{\"@type\":\"EntryPoint\",\"urlTemplate\":\"https:\/\/allesfuerdiekunst.com\/?s={search_term_string}\"},\"query-input\":\"required name=search_term_string\"}],\"inLanguage\":\"en-US\"}]}<\/script>\n<!-- \/ Yoast SEO plugin. -->","yoast_head_json":{"title":"Wie werde ich als K\u00fcnstler*in erfolgreich - Alles f\u00fcr die Kunst","description":"Das erste und weltweit einzige Buch, das K\u00fcnstler*innen umfassend informiert und begleitet - Bestelle das Buch hier online!","robots":{"index":"index","follow":"follow","max-snippet":"max-snippet:-1","max-image-preview":"max-image-preview:large","max-video-preview":"max-video-preview:-1"},"canonical":"https:\/\/allesfuerdiekunst.com\/en\/","og_locale":"en_US","og_type":"article","og_title":"Wie werde ich als K\u00fcnstler*in erfolgreich - Alles f\u00fcr die Kunst","og_description":"Das erste und weltweit einzige Buch, das K\u00fcnstler*innen umfassend informiert und begleitet - Bestelle das Buch hier online!","og_url":"https:\/\/allesfuerdiekunst.com\/en\/","og_site_name":"Alles f\u00fcr die Kunst","article_modified_time":"2024-10-01T18:31:57+00:00","og_image":[{"url":"https:\/\/allesfuerdiekunst.com\/wp-content\/uploads\/2022\/01\/Alles_fuer_die_Kunst-DoppelPackshot_plus_Englisch_plus_eBooks.gif"}],"twitter_card":"summary_large_image","twitter_misc":{"Est. reading time":"6 minutes"},"schema":{"@context":"https:\/\/schema.org","@graph":[{"@type":"WebPage","@id":"https:\/\/allesfuerdiekunst.com\/","url":"https:\/\/allesfuerdiekunst.com\/","name":"Wie werde ich als K\u00fcnstler*in erfolgreich - Alles f\u00fcr die Kunst","isPartOf":{"@id":"https:\/\/allesfuerdiekunst.com\/#website"},"datePublished":"2021-05-14T15:31:45+00:00","dateModified":"2024-10-01T18:31:57+00:00","description":"Das erste und weltweit einzige Buch, das K\u00fcnstler*innen umfassend informiert und begleitet - Bestelle das Buch hier online!","breadcrumb":{"@id":"https:\/\/allesfuerdiekunst.com\/#breadcrumb"},"inLanguage":"en-US","potentialAction":[{"@type":"ReadAction","target":["https:\/\/allesfuerdiekunst.com\/"]}]},{"@type":"BreadcrumbList","@id":"https:\/\/allesfuerdiekunst.com\/#breadcrumb","itemListElement":[{"@type":"ListItem","position":1,"name":"Home","item":"https:\/\/allesfuerdiekunst.com\/"},{"@type":"ListItem","position":2,"name":"Wie werde ich als K\u00fcnstler*in erfolgreich"}]},{"@type":"WebSite","@id":"https:\/\/allesfuerdiekunst.com\/#website","url":"https:\/\/allesfuerdiekunst.com\/","name":"Alles f\u00fcr die Kunst","description":"","potentialAction":[{"@type":"SearchAction","target":{"@type":"EntryPoint","urlTemplate":"https:\/\/allesfuerdiekunst.com\/?s={search_term_string}"},"query-input":"required name=search_term_string"}],"inLanguage":"en-US"}]}},"_links":{"self":[{"href":"https:\/\/allesfuerdiekunst.com\/en\/wp-json\/wp\/v2\/pages\/593"}],"collection":[{"href":"https:\/\/allesfuerdiekunst.com\/en\/wp-json\/wp\/v2\/pages"}],"about":[{"href":"https:\/\/allesfuerdiekunst.com\/en\/wp-json\/wp\/v2\/types\/page"}],"author":[{"embeddable":true,"href":"https:\/\/allesfuerdiekunst.com\/en\/wp-json\/wp\/v2\/users\/1"}],"replies":[{"embeddable":true,"href":"https:\/\/allesfuerdiekunst.com\/en\/wp-json\/wp\/v2\/comments?post=593"}],"version-history":[{"count":114,"href":"https:\/\/allesfuerdiekunst.com\/en\/wp-json\/wp\/v2\/pages\/593\/revisions"}],"predecessor-version":[{"id":1505,"href":"https:\/\/allesfuerdiekunst.com\/en\/wp-json\/wp\/v2\/pages\/593\/revisions\/1505"}],"wp:attachment":[{"href":"https:\/\/allesfuerdiekunst.com\/en\/wp-json\/wp\/v2\/media?parent=593"}],"curies":[{"name":"wp","href":"https:\/\/api.w.org\/{rel}","templated":true}]}}