{"id":739,"date":"2021-07-02T22:50:16","date_gmt":"2021-07-02T20:50:16","guid":{"rendered":"https:\/\/allesfuerdiekunst.com\/?page_id=739"},"modified":"2023-08-14T16:12:28","modified_gmt":"2023-08-14T14:12:28","slug":"buch-autoren","status":"publish","type":"page","link":"https:\/\/allesfuerdiekunst.com\/en\/buch-autoren\/","title":{"rendered":"Book &amp; Authors"},"content":{"rendered":"<h2 class=\"alignwide\" id=\"dasbuch\">The book<\/h2>\n\n\n\n<div class=\"wp-container-3 wp-block-columns alignwide\">\n<div class=\"wp-container-1 wp-block-column\">\n<p><strong>Are you an artist? Are you interested in studying art? Do you want to know what drives the art market? Or do you simply want to know how to become a successful artist? From the first-hand experience of a world-renowned artist (N.N.), this book gives you a deep insight into the art world and reveals how you can become successful yourself.<\/strong><\/p>\n\n\n\n<p>Also available in German. Original title \u201cAlles f\u00fcr die Kunst\u201d.<\/p>\n\n\n\n<p>The two authors got together with a world-famous artist and asked for some advice. From these conversations \u2013 supplemented with input from fellow artists, gallery owners, collectors, and curators, as well as their own rich experiences in the art world \u2013 this book was written.<\/p>\n\n\n\n<p>It is the first book that analyzes the art system from the inside out and gives you all the necessary knowledge for your career as an artist in a clearly structured form.<\/p>\n<\/div>\n\n\n\n<div class=\"wp-container-2 wp-block-column\">\n<p><em>\u201cThis book is not recommended for romantics, and definitely not for professional romantics.\u201d \u2014 an international curator<\/em><\/p>\n\n\n\n<p>It\u2019s not a conventional how-to manual, because it doesn\u2019t try to motivate as many people as possible and make them happy. But neither is it a classic textbook that regurgitates existing knowledge. Rather, it is a pioneering work, written from the active artist\u2019s perspective of an insider. It is written with the aim of providing the reader with an overview of the current art system that is as comprehensible, structured, and objective as possible. It tries to be helpful and practical without ignoring the fact that success eludes many artists not because of a lack of talent but because of a lack of compatibility with the current art system.<\/p>\n\n\n\n<p><em>\u201cThe bad news first: The art world is a utopia. The good news: If you become part of the system before you give up or go insane, life in this utopia is pretty good.\u201d - Quote N.N.<\/em><\/p>\n<\/div>\n<\/div>\n\n\n\n<h2 class=\"alignwide\" id=\"zweifassungen\">Two German versions<\/h2>\n\n\n\n<div class=\"wp-container-6 wp-block-columns alignwide\">\n<div class=\"wp-container-4 wp-block-column\">\n<p>A novelty! In the German language there exist two versions of the book: One in which all forms are in the masculine, and one in which all forms are in the feminine.<\/p>\n\n\n\n<p>Why did we decide to do this?<\/p>\n\n\n\n<p>In no way is it meant to be ironic or even cynical. We decided on the two language versions because we would like to see the German language reformed in the future.<\/p>\n<\/div>\n\n\n\n<div class=\"wp-container-5 wp-block-column\">\n<p>For us, our chosen approach is clearly in the tradition of political art. It doesn't solve the problems, but it points them out. And as usual with works of art, in the end it's a matter of taste whether you like it or not<\/p>\n\n\n\n<p><em>\"If Mark Rothko's painting is misinterpreted, it is not because of Rothko, but because of the viewer's unwillingness to want to understand it.\" - Quote N.N<\/em><\/p>\n\n\n\n<p>The German reader is free to choose either the feminine or the masculine version.<\/p>\n<\/div>\n<\/div>\n\n\n\n<h2 class=\"alignwide\" id=\"isbn\">ISBNs<\/h2>\n\n\n\n<div class=\"wp-container-9 wp-block-columns alignwide\">\n<div class=\"wp-container-7 wp-block-column\" style=\"flex-basis:100%\">\n<p>Alles f\u00fcr die Kunst: Wie werde ich ein erfolgreicher K\u00fcnstler &#8211; Maskuline Sprachfassung<br>ISBN-13: 978-3949037009<\/p>\n\n\n\n<p>Alles f\u00fcr die Kunst: Wie werde ich eine erfolgreiche K\u00fcnstlerin &#8211; Feminine Sprachfassung<br>ISBN-13: 978-3949037016<\/p>\n\n\n\n<p>Everything for Art: How to be a successful artist (English Version)<br>ISBN-13: 978-3949037030<\/p>\n<\/div>\n\n\n\n<div class=\"wp-container-8 wp-block-column\" style=\"flex-basis:100%\">\n<p> <\/p>\n<\/div>\n<\/div>\n\n\n\n<h2 class=\"alignwide\" id=\"leseprobe\">Reading sample<\/h2>\n\n\n\n<div class=\"wp-block-file alignwide\"><a id=\"wp-block-file--media-fc295b69-495c-4ba2-bd99-9406730ef9ee\" href=\"https:\/\/allesfuerdiekunst.com\/wp-content\/uploads\/2020\/12\/Buch-Alles_fu\u0308r_die_Kunst-Wie_werde_ich_ein_erfolgreicher_Ku\u0308nstler-Ma\u0308nnliche_Sprachfassung_Leseprobe.pdf\">Alles fu\u0308r die Kunst \u2013 Ma\u0308nnliche Sprachfassung \u2013 Reading sample (German)<\/a><a href=\"https:\/\/allesfuerdiekunst.com\/wp-content\/uploads\/2020\/12\/Buch-Alles_fu\u0308r_die_Kunst-Wie_werde_ich_ein_erfolgreicher_Ku\u0308nstler-Ma\u0308nnliche_Sprachfassung_Leseprobe.pdf\" class=\"wp-block-file__button\" download aria-describedby=\"wp-block-file--media-fc295b69-495c-4ba2-bd99-9406730ef9ee\">Download<\/a><\/div>\n\n\n\n<div class=\"wp-block-file alignwide\"><a id=\"wp-block-file--media-36e565e8-3f49-4728-9f69-df1337805fd9\" href=\"https:\/\/allesfuerdiekunst.com\/wp-content\/uploads\/2022\/04\/Everything-for-Art-Reading-sample.pdf\">Everything-for-Art-Reading-sample<\/a><a href=\"https:\/\/allesfuerdiekunst.com\/wp-content\/uploads\/2022\/04\/Everything-for-Art-Reading-sample.pdf\" class=\"wp-block-file__button\" download aria-describedby=\"wp-block-file--media-36e565e8-3f49-4728-9f69-df1337805fd9\">Download<\/a><\/div>\n\n\n\n<h2 class=\"alignwide\" id=\"autoren\">The authors<\/h2>\n\n\n\n<div class=\"wp-container-12 wp-block-columns alignwide\">\n<div class=\"wp-container-10 wp-block-column\">\n<p class=\" translation-block\"><strong>Tizian Baldinger<\/strong> is a Swiss artist, thinker and entrepreneur.<\/p>\n\n\n\n<p>He has traveled halfway around the globe, not only gaining experience in the art world, but also, as a silent observer, always trying to form his own picture of the world. He has spent longer periods of time in Los Angeles and Berlin; he has studied art in Hamburg and in Hangzhou (China) and graduated from the Hochschule f\u00fcr bildende K\u00fcnste in Hamburg.<\/p>\n\n\n\n<p>Through his diverse fields of interest, but also through his first-class education in computer science, economics and marketing, he tries to understand the world as a universal and interdisciplinary thinker. In his works as well as in his texts, he processes his thoughts and is able to show connections that have received little attention so far.<\/p>\n<\/div>\n\n\n\n<div class=\"wp-container-11 wp-block-column\">\n<p class=\" translation-block\"><strong>Timon R. B\u00f6se<\/strong> is a historian, art historian and author from Berlin.<\/p>\n\n\n\n<p>After a brief detour into Indology, he studied history and art history in Berlin and Geneva. As head of marketing and exhibition curator, he became active in Berlin's art scene immediately after graduating in 2006, starting out in one of the city's largest exhibition houses. While overseeing many projects with illustrious personalities and partners during the day, including those from Australia, Zimbabwe, Israel and North Korea, at night he immersed himself in the world of boozy artists in Berlin crash bars. B\u00f6se publishes a variety of books, but continues to work full-time in Berlin's international and exceedingly surreal art scene. He has an intimate love-hate relationship with his run-down hometown and makes it the setting for many of his books.<\/p>\n\n\n\n<p><strong>N.N.<\/strong> \u2013 unfortunately, we are not allowed to say who it is.<\/p>\n\n\n\n<p>Busy and anonymous superstar of the global art scene. A name that everyone in the art world knows. She or he (not even the gender is mentioned here) has many years of experience, exhibitions worldwide and could contribute a lot of insider knowledge to this book.<\/p>\n<\/div>\n<\/div>","protected":false},"excerpt":{"rendered":"<p>Das Buch Bist du K\u00fcnstler*in? Interessierst du dich f\u00fcr ein Kunststudium? Willst du wissen, was den Kunstmarkt treibt? Oder ganz einfach, wie man als K\u00fcnstler*in erfolgreich wird? Aus den Erfahrungen eines weltbekannten Stars der Kunstszene (N.N.) gew\u00e4hrt dir dieses Buch aus erster Hand einen tiefen Einblick in die Kunstwelt und zeigt dir, wie du deine&hellip; <a class=\"more-link\" href=\"https:\/\/allesfuerdiekunst.com\/en\/buch-autoren\/\">Continue reading <span class=\"screen-reader-text\">Book &amp; Authors<\/span><\/a><\/p>","protected":false},"author":1,"featured_media":0,"parent":0,"menu_order":0,"comment_status":"closed","ping_status":"closed","template":"","meta":[],"yoast_head":"<!-- This site is optimized with the Yoast SEO plugin v19.5.1 - https:\/\/yoast.com\/wordpress\/plugins\/seo\/ -->\n<title>Buch &amp; Autoren - Alles f\u00fcr die Kunst<\/title>\n<meta name=\"robots\" content=\"index, follow, max-snippet:-1, max-image-preview:large, max-video-preview:-1\" \/>\n<link rel=\"canonical\" href=\"https:\/\/allesfuerdiekunst.com\/en\/buch-autoren\/\" \/>\n<meta property=\"og:locale\" content=\"en_US\" \/>\n<meta property=\"og:type\" content=\"article\" \/>\n<meta property=\"og:title\" content=\"Buch &amp; Autoren - Alles f\u00fcr die Kunst\" \/>\n<meta property=\"og:description\" content=\"Das Buch Bist du K\u00fcnstler*in? Interessierst du dich f\u00fcr ein Kunststudium? Willst du wissen, was den Kunstmarkt treibt? Oder ganz einfach, wie man als K\u00fcnstler*in erfolgreich wird? Aus den Erfahrungen eines weltbekannten Stars der Kunstszene (N.N.) gew\u00e4hrt dir dieses Buch aus erster Hand einen tiefen Einblick in die Kunstwelt und zeigt dir, wie du deine&hellip; Continue reading Buch &#038; Autoren\" \/>\n<meta property=\"og:url\" content=\"https:\/\/allesfuerdiekunst.com\/en\/buch-autoren\/\" \/>\n<meta property=\"og:site_name\" content=\"Alles f\u00fcr die Kunst\" \/>\n<meta property=\"article:modified_time\" content=\"2023-08-14T14:12:28+00:00\" \/>\n<meta name=\"twitter:card\" content=\"summary_large_image\" \/>\n<meta name=\"twitter:label1\" content=\"Est. reading time\" \/>\n\t<meta name=\"twitter:data1\" content=\"6 minutes\" \/>\n<script type=\"application\/ld+json\" class=\"yoast-schema-graph\">{\"@context\":\"https:\/\/schema.org\",\"@graph\":[{\"@type\":\"WebPage\",\"@id\":\"https:\/\/allesfuerdiekunst.com\/buch-autoren\/\",\"url\":\"https:\/\/allesfuerdiekunst.com\/buch-autoren\/\",\"name\":\"Buch & Autoren - Alles f\u00fcr die Kunst\",\"isPartOf\":{\"@id\":\"https:\/\/allesfuerdiekunst.com\/#website\"},\"datePublished\":\"2021-07-02T20:50:16+00:00\",\"dateModified\":\"2023-08-14T14:12:28+00:00\",\"breadcrumb\":{\"@id\":\"https:\/\/allesfuerdiekunst.com\/buch-autoren\/#breadcrumb\"},\"inLanguage\":\"en-US\",\"potentialAction\":[{\"@type\":\"ReadAction\",\"target\":[\"https:\/\/allesfuerdiekunst.com\/buch-autoren\/\"]}]},{\"@type\":\"BreadcrumbList\",\"@id\":\"https:\/\/allesfuerdiekunst.com\/buch-autoren\/#breadcrumb\",\"itemListElement\":[{\"@type\":\"ListItem\",\"position\":1,\"name\":\"Home\",\"item\":\"https:\/\/allesfuerdiekunst.com\/\"},{\"@type\":\"ListItem\",\"position\":2,\"name\":\"Buch &#038; Autoren\"}]},{\"@type\":\"WebSite\",\"@id\":\"https:\/\/allesfuerdiekunst.com\/#website\",\"url\":\"https:\/\/allesfuerdiekunst.com\/\",\"name\":\"Alles f\u00fcr die Kunst\",\"description\":\"\",\"potentialAction\":[{\"@type\":\"SearchAction\",\"target\":{\"@type\":\"EntryPoint\",\"urlTemplate\":\"https:\/\/allesfuerdiekunst.com\/?s={search_term_string}\"},\"query-input\":\"required name=search_term_string\"}],\"inLanguage\":\"en-US\"}]}<\/script>\n<!-- \/ Yoast SEO plugin. -->","yoast_head_json":{"title":"Buch & Autoren - Alles f\u00fcr die Kunst","robots":{"index":"index","follow":"follow","max-snippet":"max-snippet:-1","max-image-preview":"max-image-preview:large","max-video-preview":"max-video-preview:-1"},"canonical":"https:\/\/allesfuerdiekunst.com\/en\/buch-autoren\/","og_locale":"en_US","og_type":"article","og_title":"Buch & Autoren - Alles f\u00fcr die Kunst","og_description":"Das Buch Bist du K\u00fcnstler*in? Interessierst du dich f\u00fcr ein Kunststudium? Willst du wissen, was den Kunstmarkt treibt? Oder ganz einfach, wie man als K\u00fcnstler*in erfolgreich wird? Aus den Erfahrungen eines weltbekannten Stars der Kunstszene (N.N.) gew\u00e4hrt dir dieses Buch aus erster Hand einen tiefen Einblick in die Kunstwelt und zeigt dir, wie du deine&hellip; Continue reading Buch &#038; Autoren","og_url":"https:\/\/allesfuerdiekunst.com\/en\/buch-autoren\/","og_site_name":"Alles f\u00fcr die Kunst","article_modified_time":"2023-08-14T14:12:28+00:00","twitter_card":"summary_large_image","twitter_misc":{"Est. reading time":"6 minutes"},"schema":{"@context":"https:\/\/schema.org","@graph":[{"@type":"WebPage","@id":"https:\/\/allesfuerdiekunst.com\/buch-autoren\/","url":"https:\/\/allesfuerdiekunst.com\/buch-autoren\/","name":"Buch & Autoren - Alles f\u00fcr die Kunst","isPartOf":{"@id":"https:\/\/allesfuerdiekunst.com\/#website"},"datePublished":"2021-07-02T20:50:16+00:00","dateModified":"2023-08-14T14:12:28+00:00","breadcrumb":{"@id":"https:\/\/allesfuerdiekunst.com\/buch-autoren\/#breadcrumb"},"inLanguage":"en-US","potentialAction":[{"@type":"ReadAction","target":["https:\/\/allesfuerdiekunst.com\/buch-autoren\/"]}]},{"@type":"BreadcrumbList","@id":"https:\/\/allesfuerdiekunst.com\/buch-autoren\/#breadcrumb","itemListElement":[{"@type":"ListItem","position":1,"name":"Home","item":"https:\/\/allesfuerdiekunst.com\/"},{"@type":"ListItem","position":2,"name":"Buch &#038; Autoren"}]},{"@type":"WebSite","@id":"https:\/\/allesfuerdiekunst.com\/#website","url":"https:\/\/allesfuerdiekunst.com\/","name":"Alles f\u00fcr die Kunst","description":"","potentialAction":[{"@type":"SearchAction","target":{"@type":"EntryPoint","urlTemplate":"https:\/\/allesfuerdiekunst.com\/?s={search_term_string}"},"query-input":"required name=search_term_string"}],"inLanguage":"en-US"}]}},"_links":{"self":[{"href":"https:\/\/allesfuerdiekunst.com\/en\/wp-json\/wp\/v2\/pages\/739"}],"collection":[{"href":"https:\/\/allesfuerdiekunst.com\/en\/wp-json\/wp\/v2\/pages"}],"about":[{"href":"https:\/\/allesfuerdiekunst.com\/en\/wp-json\/wp\/v2\/types\/page"}],"author":[{"embeddable":true,"href":"https:\/\/allesfuerdiekunst.com\/en\/wp-json\/wp\/v2\/users\/1"}],"replies":[{"embeddable":true,"href":"https:\/\/allesfuerdiekunst.com\/en\/wp-json\/wp\/v2\/comments?post=739"}],"version-history":[{"count":12,"href":"https:\/\/allesfuerdiekunst.com\/en\/wp-json\/wp\/v2\/pages\/739\/revisions"}],"predecessor-version":[{"id":1343,"href":"https:\/\/allesfuerdiekunst.com\/en\/wp-json\/wp\/v2\/pages\/739\/revisions\/1343"}],"wp:attachment":[{"href":"https:\/\/allesfuerdiekunst.com\/en\/wp-json\/wp\/v2\/media?parent=739"}],"curies":[{"name":"wp","href":"https:\/\/api.w.org\/{rel}","templated":true}]}}