{"id":742,"date":"2021-07-02T22:54:12","date_gmt":"2021-07-02T20:54:12","guid":{"rendered":"https:\/\/allesfuerdiekunst.com\/?page_id=742"},"modified":"2022-04-11T13:44:23","modified_gmt":"2022-04-11T11:44:23","slug":"kontakt-downloads","status":"publish","type":"page","link":"https:\/\/allesfuerdiekunst.com\/en\/kontakt-downloads\/","title":{"rendered":"Contact &amp; Downloads"},"content":{"rendered":"<h2 class=\"alignwide\" id=\"kontakt\">Contact<\/h2>\n\n\n\n<div class=\"wp-container-3 wp-block-columns alignwide\">\n<div class=\"wp-container-1 wp-block-column\">\n<p><a href=\"mailto:info@allesfuerdiekunst.com\">info@allesfuerdiekunst.com<\/a><br>Phone.: +49 (0)30 \u2013 862 099 22<br><br><strong>Book order:<\/strong><br>Directly in our <a href=\"https:\/\/allesfuerdiekunst.com\/index.php\/shop-info\/\">Online-Shop<\/a><br>eBooks at <a href=\"https:\/\/www.amazon.com\/-\/de\/Tizian-Baldinger\/e\/B08PC782SV\" target=\"_blank\" rel=\"noreferrer noopener\">Amazon<\/a><\/p>\n\n\n\n<p><strong>Bookstores, bulk orders, libraries, museum stores, educational institutions:<\/strong><br><a href=\"mailto:order@allesfuerdiekunst.com\"><\/a><a href=\"mailto:tboese@boese-verlag.de\">tboese@boese-verlag.de<\/a><br><br><strong>Lectures on the topic of art &amp; career (both online and offline):<\/strong><br><a href=\"mailto:talk@allesfuerdiekunst.com\">talk@allesfuerdiekunst.com<\/a><\/p>\n<\/div>\n\n\n\n<div class=\"wp-container-2 wp-block-column\">\n<p><strong>Publisher:<\/strong><\/p>\n\n\n\n<p>Timon-R.-B\u00f6se<br>Onlineverlag<br>Auf dem Grat 31<br>14195 Berlin<\/p>\n\n\n\n<p>Phone.: +49 (0)30 \u2013 862 099 22<br>E-Mail: <a href=\"mailto:tboese@boese-verlag.de\">tboese@boese-verlag.de<\/a><br>Paypal: shop@allesfuerdiekunst.com<\/p>\n\n\n\n<p><\/p>\n<\/div>\n<\/div>\n\n\n\n<h2 class=\"alignwide\" id=\"newsletter\">Newsletter<\/h2>\n\n\n\n<div class=\"wp-container-4 wp-block-columns alignwide\"><script>(function() {\n\twindow.mc4wp = window.mc4wp || {\n\t\tlisteners: [],\n\t\tforms: {\n\t\t\ton: function(evt, cb) {\n\t\t\t\twindow.mc4wp.listeners.push(\n\t\t\t\t\t{\n\t\t\t\t\t\tevent   : evt,\n\t\t\t\t\t\tcallback: cb\n\t\t\t\t\t}\n\t\t\t\t);\n\t\t\t}\n\t\t}\n\t}\n})();\n<\/script><!-- Mailchimp for WordPress v4.8.7 - https:\/\/wordpress.org\/plugins\/mailchimp-for-wp\/ --><form id=\"mc4wp-form-1\" class=\"mc4wp-form mc4wp-form-432\" method=\"post\" data-id=\"432\" data-name=\"Newsletter\" action=\"\" ><div class=\"mc4wp-form-fields\"><label>Email address \r\n\t\t<input type=\"email\" name=\"EMAIL\" placeholder=\"Your email address\" required \/>\r\n<\/label><input type=\"submit\" value=\"Sign up\" \/><\/div><label style=\"display: none !important;\">Leave this field empty if you're human: <input type=\"text\" name=\"_mc4wp_honeypot\" value=\"\" tabindex=\"-1\" autocomplete=\"off\" \/><\/label><input type=\"hidden\" name=\"_mc4wp_timestamp\" value=\"1776494683\" \/><input type=\"hidden\" name=\"_mc4wp_form_id\" value=\"432\" \/><input type=\"hidden\" name=\"_mc4wp_form_element_id\" value=\"mc4wp-form-1\" \/><div class=\"mc4wp-response\"><\/div><input type=\"hidden\" name=\"trp-form-language\" value=\"en\"\/><\/form><!-- \/ Mailchimp for WordPress Plugin -->\n<\/div>\n\n\n\n<h2 class=\"alignwide\" id=\"downloads\">Downloads<\/h2>\n\n\n\n<div class=\"wp-block-file alignwide\"><a href=\"https:\/\/allesfuerdiekunst.com\/wp-content\/uploads\/2020\/12\/Buch-Alles_fu\u0308r_die_Kunst-Pressemappe.pdf\">Alles f\u00fcr die Kunst - Press kit (German)<\/a><a href=\"https:\/\/allesfuerdiekunst.com\/wp-content\/uploads\/2020\/12\/Buch-Alles_fu\u0308r_die_Kunst-Pressemappe.pdf\" class=\"wp-block-file__button\" download>Download<\/a><\/div>\n\n\n\n<div class=\"wp-block-file alignwide\"><a href=\"https:\/\/allesfuerdiekunst.com\/wp-content\/uploads\/2021\/09\/Alles_fu\u0308r_die_Kunst-DoppelPackshot.jpg\">Alles f\u00fcr die Kunst - Photo books (German)<\/a><a href=\"https:\/\/allesfuerdiekunst.com\/wp-content\/uploads\/2021\/09\/Alles_fu\u0308r_die_Kunst-DoppelPackshot.jpg\" class=\"wp-block-file__button\" download>Download<\/a><\/div>\n\n\n\n<div class=\"wp-block-file alignwide\"><a href=\"https:\/\/allesfuerdiekunst.com\/wp-content\/uploads\/2022\/04\/engl-print1.jpg\">Everything for Art - Photo book<\/a><a href=\"https:\/\/allesfuerdiekunst.com\/wp-content\/uploads\/2022\/04\/engl-print1.jpg\" class=\"wp-block-file__button\" download>Download<\/a><\/div>\n\n\n\n<div class=\"wp-block-file alignwide\"><a href=\"https:\/\/allesfuerdiekunst.com\/wp-content\/uploads\/2021\/09\/Die_Autoren_Tizian_Baldinger_und_Timon_R_Bo\u0308se.jpg\">Everything for Art - The authors<\/a><a href=\"https:\/\/allesfuerdiekunst.com\/wp-content\/uploads\/2021\/09\/Die_Autoren_Tizian_Baldinger_und_Timon_R_Bo\u0308se.jpg\" class=\"wp-block-file__button\" download>Download<\/a><\/div>\n\n\n\n<div class=\"wp-block-file alignwide\"><a href=\"https:\/\/allesfuerdiekunst.com\/wp-content\/uploads\/2020\/12\/Alles_fu\u0308r_die_Kunst-Wie_werde_ich_eine_erfolgreiche_Ku\u0308nstlerin-Weibliche_Sprachfassung_Cover.jpg\">Alles fu\u0308r die Kunst &#8211; Weibliche Sprachfassung Cover (300dpi)<\/a><a href=\"https:\/\/allesfuerdiekunst.com\/wp-content\/uploads\/2020\/12\/Alles_fu\u0308r_die_Kunst-Wie_werde_ich_eine_erfolgreiche_Ku\u0308nstlerin-Weibliche_Sprachfassung_Cover.jpg\" class=\"wp-block-file__button\" download>Download<\/a><\/div>\n\n\n\n<div class=\"wp-block-file alignwide\"><a href=\"https:\/\/allesfuerdiekunst.com\/wp-content\/uploads\/2020\/12\/Alles_fu\u0308r_die_Kunst-Wie_werde_ich_ein_erfolgreicher_Ku\u0308nstler-Ma\u0308nnliche_Sprachfassung_Cover.jpg\">Alles fu\u0308r die Kunst &#8211; Ma\u0308nnliche Sprachfassung Cover (300dpi)<\/a><a href=\"https:\/\/allesfuerdiekunst.com\/wp-content\/uploads\/2020\/12\/Alles_fu\u0308r_die_Kunst-Wie_werde_ich_ein_erfolgreicher_Ku\u0308nstler-Ma\u0308nnliche_Sprachfassung_Cover.jpg\" class=\"wp-block-file__button\" download>Download<\/a><\/div>\n\n\n\n<h2 class=\"alignwide\" id=\"downloads\">Videos<\/h2>\n\n\n\n<div class=\"wp-block-file alignwide\"><a href=\"https:\/\/www.youtube.com\/channel\/UCzzommcZzhCqB6R0JiUMwUg\">Our funny videos on Youtube (German)<\/a><a href=\"https:\/\/www.youtube.com\/channel\/UCzzommcZzhCqB6R0JiUMwUg\" class=\"wp-block-file__button\">YouTube<\/a><\/div>","protected":false},"excerpt":{"rendered":"<p>Kontakt info@allesfuerdiekunst.comTel.: +49 (0)30 &#8211; 862 099 22 Buchbestellungen:Direkt in unserem Online-ShopeBooks auf Amazon Buchhandel, Gro\u00dfbestellungen, Bibliotheken, Museumsshops, Bildungseinrichtungen:tboese@boese-verlag.de Vortr\u00e4ge zum Thema Kunst &amp; Karriere (sowohl online als auch offline):talk@allesfuerdiekunst.com Verlag: Timon-R.-B\u00f6seOnlineverlagAuf dem Grat 3114195 Berlin Tel.: +49 (0)30 &#8211; 862 099 22E-Mail: tboese@boese-verlag.dePaypal: shop@allesfuerdiekunst.com Newsletter Downloads Videos Unsere lustigen Videos auf YouTubeYouTube<\/p>","protected":false},"author":1,"featured_media":0,"parent":0,"menu_order":0,"comment_status":"closed","ping_status":"closed","template":"","meta":[],"yoast_head":"<!-- This site is optimized with the Yoast SEO plugin v19.5.1 - https:\/\/yoast.com\/wordpress\/plugins\/seo\/ -->\n<title>Kontakt &amp; Downloads - Alles f\u00fcr die Kunst<\/title>\n<meta name=\"robots\" content=\"index, follow, max-snippet:-1, max-image-preview:large, max-video-preview:-1\" \/>\n<link rel=\"canonical\" href=\"https:\/\/allesfuerdiekunst.com\/en\/kontakt-downloads\/\" \/>\n<meta property=\"og:locale\" content=\"en_US\" \/>\n<meta property=\"og:type\" content=\"article\" \/>\n<meta property=\"og:title\" content=\"Kontakt &amp; Downloads - Alles f\u00fcr die Kunst\" \/>\n<meta property=\"og:description\" content=\"Kontakt info@allesfuerdiekunst.comTel.: +49 (0)30 &#8211; 862 099 22 Buchbestellungen:Direkt in unserem Online-ShopeBooks auf Amazon Buchhandel, Gro\u00dfbestellungen, Bibliotheken, Museumsshops, Bildungseinrichtungen:tboese@boese-verlag.de Vortr\u00e4ge zum Thema Kunst &amp; Karriere (sowohl online als auch offline):talk@allesfuerdiekunst.com Verlag: Timon-R.-B\u00f6seOnlineverlagAuf dem Grat 3114195 Berlin Tel.: +49 (0)30 &#8211; 862 099 22E-Mail: tboese@boese-verlag.dePaypal: shop@allesfuerdiekunst.com Newsletter Downloads Videos Unsere lustigen Videos auf YouTubeYouTube\" \/>\n<meta property=\"og:url\" content=\"https:\/\/allesfuerdiekunst.com\/en\/kontakt-downloads\/\" \/>\n<meta property=\"og:site_name\" content=\"Alles f\u00fcr die Kunst\" \/>\n<meta property=\"article:modified_time\" content=\"2022-04-11T11:44:23+00:00\" \/>\n<meta name=\"twitter:card\" content=\"summary_large_image\" \/>\n<meta name=\"twitter:label1\" content=\"Est. reading time\" \/>\n\t<meta name=\"twitter:data1\" content=\"1 minute\" \/>\n<script type=\"application\/ld+json\" class=\"yoast-schema-graph\">{\"@context\":\"https:\/\/schema.org\",\"@graph\":[{\"@type\":\"WebPage\",\"@id\":\"https:\/\/allesfuerdiekunst.com\/kontakt-downloads\/\",\"url\":\"https:\/\/allesfuerdiekunst.com\/kontakt-downloads\/\",\"name\":\"Kontakt & Downloads - Alles f\u00fcr die Kunst\",\"isPartOf\":{\"@id\":\"https:\/\/allesfuerdiekunst.com\/#website\"},\"datePublished\":\"2021-07-02T20:54:12+00:00\",\"dateModified\":\"2022-04-11T11:44:23+00:00\",\"breadcrumb\":{\"@id\":\"https:\/\/allesfuerdiekunst.com\/kontakt-downloads\/#breadcrumb\"},\"inLanguage\":\"en-US\",\"potentialAction\":[{\"@type\":\"ReadAction\",\"target\":[\"https:\/\/allesfuerdiekunst.com\/kontakt-downloads\/\"]}]},{\"@type\":\"BreadcrumbList\",\"@id\":\"https:\/\/allesfuerdiekunst.com\/kontakt-downloads\/#breadcrumb\",\"itemListElement\":[{\"@type\":\"ListItem\",\"position\":1,\"name\":\"Home\",\"item\":\"https:\/\/allesfuerdiekunst.com\/\"},{\"@type\":\"ListItem\",\"position\":2,\"name\":\"Kontakt &#038; Downloads\"}]},{\"@type\":\"WebSite\",\"@id\":\"https:\/\/allesfuerdiekunst.com\/#website\",\"url\":\"https:\/\/allesfuerdiekunst.com\/\",\"name\":\"Alles f\u00fcr die Kunst\",\"description\":\"\",\"potentialAction\":[{\"@type\":\"SearchAction\",\"target\":{\"@type\":\"EntryPoint\",\"urlTemplate\":\"https:\/\/allesfuerdiekunst.com\/?s={search_term_string}\"},\"query-input\":\"required name=search_term_string\"}],\"inLanguage\":\"en-US\"}]}<\/script>\n<!-- \/ Yoast SEO plugin. -->","yoast_head_json":{"title":"Kontakt & Downloads - Alles f\u00fcr die Kunst","robots":{"index":"index","follow":"follow","max-snippet":"max-snippet:-1","max-image-preview":"max-image-preview:large","max-video-preview":"max-video-preview:-1"},"canonical":"https:\/\/allesfuerdiekunst.com\/en\/kontakt-downloads\/","og_locale":"en_US","og_type":"article","og_title":"Kontakt & Downloads - Alles f\u00fcr die Kunst","og_description":"Kontakt info@allesfuerdiekunst.comTel.: +49 (0)30 &#8211; 862 099 22 Buchbestellungen:Direkt in unserem Online-ShopeBooks auf Amazon Buchhandel, Gro\u00dfbestellungen, Bibliotheken, Museumsshops, Bildungseinrichtungen:tboese@boese-verlag.de Vortr\u00e4ge zum Thema Kunst &amp; Karriere (sowohl online als auch offline):talk@allesfuerdiekunst.com Verlag: Timon-R.-B\u00f6seOnlineverlagAuf dem Grat 3114195 Berlin Tel.: +49 (0)30 &#8211; 862 099 22E-Mail: tboese@boese-verlag.dePaypal: shop@allesfuerdiekunst.com Newsletter Downloads Videos Unsere lustigen Videos auf YouTubeYouTube","og_url":"https:\/\/allesfuerdiekunst.com\/en\/kontakt-downloads\/","og_site_name":"Alles f\u00fcr die Kunst","article_modified_time":"2022-04-11T11:44:23+00:00","twitter_card":"summary_large_image","twitter_misc":{"Est. reading time":"1 minute"},"schema":{"@context":"https:\/\/schema.org","@graph":[{"@type":"WebPage","@id":"https:\/\/allesfuerdiekunst.com\/kontakt-downloads\/","url":"https:\/\/allesfuerdiekunst.com\/kontakt-downloads\/","name":"Kontakt & Downloads - Alles f\u00fcr die Kunst","isPartOf":{"@id":"https:\/\/allesfuerdiekunst.com\/#website"},"datePublished":"2021-07-02T20:54:12+00:00","dateModified":"2022-04-11T11:44:23+00:00","breadcrumb":{"@id":"https:\/\/allesfuerdiekunst.com\/kontakt-downloads\/#breadcrumb"},"inLanguage":"en-US","potentialAction":[{"@type":"ReadAction","target":["https:\/\/allesfuerdiekunst.com\/kontakt-downloads\/"]}]},{"@type":"BreadcrumbList","@id":"https:\/\/allesfuerdiekunst.com\/kontakt-downloads\/#breadcrumb","itemListElement":[{"@type":"ListItem","position":1,"name":"Home","item":"https:\/\/allesfuerdiekunst.com\/"},{"@type":"ListItem","position":2,"name":"Kontakt &#038; Downloads"}]},{"@type":"WebSite","@id":"https:\/\/allesfuerdiekunst.com\/#website","url":"https:\/\/allesfuerdiekunst.com\/","name":"Alles f\u00fcr die Kunst","description":"","potentialAction":[{"@type":"SearchAction","target":{"@type":"EntryPoint","urlTemplate":"https:\/\/allesfuerdiekunst.com\/?s={search_term_string}"},"query-input":"required name=search_term_string"}],"inLanguage":"en-US"}]}},"_links":{"self":[{"href":"https:\/\/allesfuerdiekunst.com\/en\/wp-json\/wp\/v2\/pages\/742"}],"collection":[{"href":"https:\/\/allesfuerdiekunst.com\/en\/wp-json\/wp\/v2\/pages"}],"about":[{"href":"https:\/\/allesfuerdiekunst.com\/en\/wp-json\/wp\/v2\/types\/page"}],"author":[{"embeddable":true,"href":"https:\/\/allesfuerdiekunst.com\/en\/wp-json\/wp\/v2\/users\/1"}],"replies":[{"embeddable":true,"href":"https:\/\/allesfuerdiekunst.com\/en\/wp-json\/wp\/v2\/comments?post=742"}],"version-history":[{"count":7,"href":"https:\/\/allesfuerdiekunst.com\/en\/wp-json\/wp\/v2\/pages\/742\/revisions"}],"predecessor-version":[{"id":1206,"href":"https:\/\/allesfuerdiekunst.com\/en\/wp-json\/wp\/v2\/pages\/742\/revisions\/1206"}],"wp:attachment":[{"href":"https:\/\/allesfuerdiekunst.com\/en\/wp-json\/wp\/v2\/media?parent=742"}],"curies":[{"name":"wp","href":"https:\/\/api.w.org\/{rel}","templated":true}]}}